{"id":2007,"date":"2025-10-27T14:46:10","date_gmt":"2025-10-27T17:46:10","guid":{"rendered":"https:\/\/consistem.com.br\/lp\/?page_id=2007"},"modified":"2025-10-28T08:40:55","modified_gmt":"2025-10-28T11:40:55","slug":"leads","status":"publish","type":"page","link":"https:\/\/consistem.com.br\/lp\/pesquisa-cenario-reforma-tributaria\/leads\/","title":{"rendered":"Checklist da Reforma Tribut\u00e1ria"},"content":{"rendered":"\t\t<div data-elementor-type=\"wp-page\" data-elementor-id=\"2007\" class=\"elementor elementor-2007\" data-elementor-post-type=\"page\">\n\t\t\t\t<div class=\"elementor-element elementor-element-d92668e e-con-full e-flex e-con e-parent\" data-id=\"d92668e\" data-element_type=\"container\" data-e-type=\"container\">\n\t\t\t\t<div class=\"elementor-element elementor-element-5a54ff5 elementor-widget elementor-widget-html\" data-id=\"5a54ff5\" data-element_type=\"widget\" data-e-type=\"widget\" data-widget_type=\"html.default\">\n\t\t\t\t<div class=\"elementor-widget-container\">\n\t\t\t\t\t<html>\n  <head>\n    <meta name=\"viewport\" content=\"width=device-width, initial-scale=1.0, maximum-scale=1.0, user-scalable=0\">\n    <title>Diagn\u00f3stico gratuito\nComo sua empresa est\u00e1 na Reforma Tribut\u00e1ria?<\/title>\n    <script async src=\"https:\/\/tally.so\/widgets\/embed.js\"><\/script>\n    <style type=\"text\/css\">\n      html { margin: 0; height: 100%; overflow: hidden; }\n      iframe { position: absolute; top: 0; right: 0; bottom: 0; left: 0; border: 0; }\n    <\/style>\n  <\/head>\n  <body>\n    <iframe data-tally-src=\"https:\/\/tally.so\/r\/nrzvop?transparentBackground=1&formEventsForwarding=1\" width=\"100%\" height=\"100%\" frameborder=\"0\" marginheight=\"0\" marginwidth=\"0\" title=\"Diagn\u00f3stico gratuito\nComo sua empresa est\u00e1 na Reforma Tribut\u00e1ria?\"><\/iframe>\n  <\/body>\n<\/html>\t\t\t\t<\/div>\n\t\t\t\t<\/div>\n\t\t\t\t<\/div>\n\t\t\t\t<\/div>\n\t\t","protected":false},"excerpt":{"rendered":"<p>Diagn\u00f3stico gratuito Como sua empresa est\u00e1 na Reforma Tribut\u00e1ria?<\/p>\n","protected":false},"author":6,"featured_media":2043,"parent":1954,"menu_order":0,"comment_status":"closed","ping_status":"closed","template":"","meta":{"_acf_changed":false,"inline_featured_image":false,"footnotes":""},"class_list":["post-2007","page","type-page","status-publish","has-post-thumbnail","hentry"],"acf":[],"yoast_head":"<!-- This site is optimized with the Yoast SEO plugin v27.1.1 - https:\/\/yoast.com\/product\/yoast-seo-wordpress\/ -->\n<title>Checklist da Reforma Tribut\u00e1ria - Consistem Sistemas LPs<\/title>\n<meta name=\"description\" content=\"Descubra em poucos minutos se a sua empresa est\u00e1 realmente pronta para as novas regras fiscais.\" \/>\n<meta name=\"robots\" content=\"index, follow, max-snippet:-1, max-image-preview:large, max-video-preview:-1\" \/>\n<link rel=\"canonical\" href=\"https:\/\/consistem.com.br\/lp\/pesquisa-cenario-reforma-tributaria\/leads\/\" \/>\n<meta property=\"og:locale\" content=\"pt_BR\" \/>\n<meta property=\"og:type\" content=\"article\" \/>\n<meta property=\"og:title\" content=\"Checklist da Reforma Tribut\u00e1ria - Consistem Sistemas LPs\" \/>\n<meta property=\"og:description\" content=\"Descubra se a sua empresa est\u00e1 realmente pronta para as novas regras fiscais.\" \/>\n<meta property=\"og:url\" content=\"https:\/\/consistem.com.br\/lp\/pesquisa-cenario-reforma-tributaria\/leads\/\" \/>\n<meta property=\"og:site_name\" content=\"Consistem Sistemas LPs\" \/>\n<meta property=\"article:modified_time\" content=\"2025-10-28T11:40:55+00:00\" \/>\n<meta property=\"og:image\" content=\"https:\/\/consistem.com.br\/lp\/wp-content\/uploads\/sites\/2\/2025\/10\/pesquisa-cenario-reforma.png\" \/>\n\t<meta property=\"og:image:width\" content=\"1200\" \/>\n\t<meta property=\"og:image:height\" content=\"675\" \/>\n\t<meta property=\"og:image:type\" content=\"image\/png\" \/>\n<meta name=\"twitter:card\" content=\"summary_large_image\" \/>\n<meta name=\"twitter:label1\" content=\"Est. tempo de leitura\" \/>\n\t<meta name=\"twitter:data1\" content=\"1 minuto\" \/>\n<script type=\"application\/ld+json\" class=\"yoast-schema-graph\">{\"@context\":\"https:\/\/schema.org\",\"@graph\":[{\"@type\":\"WebPage\",\"@id\":\"https:\/\/consistem.com.br\/lp\/pesquisa-cenario-reforma-tributaria\/leads\/\",\"url\":\"https:\/\/consistem.com.br\/lp\/pesquisa-cenario-reforma-tributaria\/leads\/\",\"name\":\"Checklist da Reforma Tribut\u00e1ria - Consistem Sistemas LPs\",\"isPartOf\":{\"@id\":\"https:\/\/consistem.com.br\/lp\/#website\"},\"primaryImageOfPage\":{\"@id\":\"https:\/\/consistem.com.br\/lp\/pesquisa-cenario-reforma-tributaria\/leads\/#primaryimage\"},\"image\":{\"@id\":\"https:\/\/consistem.com.br\/lp\/pesquisa-cenario-reforma-tributaria\/leads\/#primaryimage\"},\"thumbnailUrl\":\"https:\/\/consistem.com.br\/lp\/wp-content\/uploads\/sites\/2\/2025\/10\/pesquisa-cenario-reforma.png\",\"datePublished\":\"2025-10-27T17:46:10+00:00\",\"dateModified\":\"2025-10-28T11:40:55+00:00\",\"description\":\"Descubra em poucos minutos se a sua empresa est\u00e1 realmente pronta para as novas regras fiscais.\",\"breadcrumb\":{\"@id\":\"https:\/\/consistem.com.br\/lp\/pesquisa-cenario-reforma-tributaria\/leads\/#breadcrumb\"},\"inLanguage\":\"pt-BR\",\"potentialAction\":[{\"@type\":\"ReadAction\",\"target\":[\"https:\/\/consistem.com.br\/lp\/pesquisa-cenario-reforma-tributaria\/leads\/\"]}]},{\"@type\":\"ImageObject\",\"inLanguage\":\"pt-BR\",\"@id\":\"https:\/\/consistem.com.br\/lp\/pesquisa-cenario-reforma-tributaria\/leads\/#primaryimage\",\"url\":\"https:\/\/consistem.com.br\/lp\/wp-content\/uploads\/sites\/2\/2025\/10\/pesquisa-cenario-reforma.png\",\"contentUrl\":\"https:\/\/consistem.com.br\/lp\/wp-content\/uploads\/sites\/2\/2025\/10\/pesquisa-cenario-reforma.png\",\"width\":1200,\"height\":675},{\"@type\":\"BreadcrumbList\",\"@id\":\"https:\/\/consistem.com.br\/lp\/pesquisa-cenario-reforma-tributaria\/leads\/#breadcrumb\",\"itemListElement\":[{\"@type\":\"ListItem\",\"position\":1,\"name\":\"In\u00edcio\",\"item\":\"https:\/\/consistem.com.br\/lp\/\"},{\"@type\":\"ListItem\",\"position\":2,\"name\":\"Tudo pronto para a Reforma Tribut\u00e1ria ou correndo riscos?\",\"item\":\"https:\/\/consistem.com.br\/lp\/pesquisa-cenario-reforma-tributaria\/\"},{\"@type\":\"ListItem\",\"position\":3,\"name\":\"Checklist da Reforma Tribut\u00e1ria\"}]},{\"@type\":\"WebSite\",\"@id\":\"https:\/\/consistem.com.br\/lp\/#website\",\"url\":\"https:\/\/consistem.com.br\/lp\/\",\"name\":\"Consistem Sistemas LPs\",\"description\":\"\",\"potentialAction\":[{\"@type\":\"SearchAction\",\"target\":{\"@type\":\"EntryPoint\",\"urlTemplate\":\"https:\/\/consistem.com.br\/lp\/?s={search_term_string}\"},\"query-input\":{\"@type\":\"PropertyValueSpecification\",\"valueRequired\":true,\"valueName\":\"search_term_string\"}}],\"inLanguage\":\"pt-BR\"}]}<\/script>\n<!-- \/ Yoast SEO plugin. -->","yoast_head_json":{"title":"Checklist da Reforma Tribut\u00e1ria - Consistem Sistemas LPs","description":"Descubra em poucos minutos se a sua empresa est\u00e1 realmente pronta para as novas regras fiscais.","robots":{"index":"index","follow":"follow","max-snippet":"max-snippet:-1","max-image-preview":"max-image-preview:large","max-video-preview":"max-video-preview:-1"},"canonical":"https:\/\/consistem.com.br\/lp\/pesquisa-cenario-reforma-tributaria\/leads\/","og_locale":"pt_BR","og_type":"article","og_title":"Checklist da Reforma Tribut\u00e1ria - Consistem Sistemas LPs","og_description":"Descubra se a sua empresa est\u00e1 realmente pronta para as novas regras fiscais.","og_url":"https:\/\/consistem.com.br\/lp\/pesquisa-cenario-reforma-tributaria\/leads\/","og_site_name":"Consistem Sistemas LPs","article_modified_time":"2025-10-28T11:40:55+00:00","og_image":[{"width":1200,"height":675,"url":"https:\/\/consistem.com.br\/lp\/wp-content\/uploads\/sites\/2\/2025\/10\/pesquisa-cenario-reforma.png","type":"image\/png"}],"twitter_card":"summary_large_image","twitter_misc":{"Est. tempo de leitura":"1 minuto"},"schema":{"@context":"https:\/\/schema.org","@graph":[{"@type":"WebPage","@id":"https:\/\/consistem.com.br\/lp\/pesquisa-cenario-reforma-tributaria\/leads\/","url":"https:\/\/consistem.com.br\/lp\/pesquisa-cenario-reforma-tributaria\/leads\/","name":"Checklist da Reforma Tribut\u00e1ria - Consistem Sistemas LPs","isPartOf":{"@id":"https:\/\/consistem.com.br\/lp\/#website"},"primaryImageOfPage":{"@id":"https:\/\/consistem.com.br\/lp\/pesquisa-cenario-reforma-tributaria\/leads\/#primaryimage"},"image":{"@id":"https:\/\/consistem.com.br\/lp\/pesquisa-cenario-reforma-tributaria\/leads\/#primaryimage"},"thumbnailUrl":"https:\/\/consistem.com.br\/lp\/wp-content\/uploads\/sites\/2\/2025\/10\/pesquisa-cenario-reforma.png","datePublished":"2025-10-27T17:46:10+00:00","dateModified":"2025-10-28T11:40:55+00:00","description":"Descubra em poucos minutos se a sua empresa est\u00e1 realmente pronta para as novas regras fiscais.","breadcrumb":{"@id":"https:\/\/consistem.com.br\/lp\/pesquisa-cenario-reforma-tributaria\/leads\/#breadcrumb"},"inLanguage":"pt-BR","potentialAction":[{"@type":"ReadAction","target":["https:\/\/consistem.com.br\/lp\/pesquisa-cenario-reforma-tributaria\/leads\/"]}]},{"@type":"ImageObject","inLanguage":"pt-BR","@id":"https:\/\/consistem.com.br\/lp\/pesquisa-cenario-reforma-tributaria\/leads\/#primaryimage","url":"https:\/\/consistem.com.br\/lp\/wp-content\/uploads\/sites\/2\/2025\/10\/pesquisa-cenario-reforma.png","contentUrl":"https:\/\/consistem.com.br\/lp\/wp-content\/uploads\/sites\/2\/2025\/10\/pesquisa-cenario-reforma.png","width":1200,"height":675},{"@type":"BreadcrumbList","@id":"https:\/\/consistem.com.br\/lp\/pesquisa-cenario-reforma-tributaria\/leads\/#breadcrumb","itemListElement":[{"@type":"ListItem","position":1,"name":"In\u00edcio","item":"https:\/\/consistem.com.br\/lp\/"},{"@type":"ListItem","position":2,"name":"Tudo pronto para a Reforma Tribut\u00e1ria ou correndo riscos?","item":"https:\/\/consistem.com.br\/lp\/pesquisa-cenario-reforma-tributaria\/"},{"@type":"ListItem","position":3,"name":"Checklist da Reforma Tribut\u00e1ria"}]},{"@type":"WebSite","@id":"https:\/\/consistem.com.br\/lp\/#website","url":"https:\/\/consistem.com.br\/lp\/","name":"Consistem Sistemas LPs","description":"","potentialAction":[{"@type":"SearchAction","target":{"@type":"EntryPoint","urlTemplate":"https:\/\/consistem.com.br\/lp\/?s={search_term_string}"},"query-input":{"@type":"PropertyValueSpecification","valueRequired":true,"valueName":"search_term_string"}}],"inLanguage":"pt-BR"}]}},"_links":{"self":[{"href":"https:\/\/consistem.com.br\/lp\/wp-json\/wp\/v2\/pages\/2007","targetHints":{"allow":["GET"]}}],"collection":[{"href":"https:\/\/consistem.com.br\/lp\/wp-json\/wp\/v2\/pages"}],"about":[{"href":"https:\/\/consistem.com.br\/lp\/wp-json\/wp\/v2\/types\/page"}],"author":[{"embeddable":true,"href":"https:\/\/consistem.com.br\/lp\/wp-json\/wp\/v2\/users\/6"}],"replies":[{"embeddable":true,"href":"https:\/\/consistem.com.br\/lp\/wp-json\/wp\/v2\/comments?post=2007"}],"version-history":[{"count":19,"href":"https:\/\/consistem.com.br\/lp\/wp-json\/wp\/v2\/pages\/2007\/revisions"}],"predecessor-version":[{"id":2048,"href":"https:\/\/consistem.com.br\/lp\/wp-json\/wp\/v2\/pages\/2007\/revisions\/2048"}],"up":[{"embeddable":true,"href":"https:\/\/consistem.com.br\/lp\/wp-json\/wp\/v2\/pages\/1954"}],"wp:featuredmedia":[{"embeddable":true,"href":"https:\/\/consistem.com.br\/lp\/wp-json\/wp\/v2\/media\/2043"}],"wp:attachment":[{"href":"https:\/\/consistem.com.br\/lp\/wp-json\/wp\/v2\/media?parent=2007"}],"curies":[{"name":"wp","href":"https:\/\/api.w.org\/{rel}","templated":true}]}}