{"id":657,"date":"2025-07-30T15:17:00","date_gmt":"2025-07-30T18:17:00","guid":{"rendered":"https:\/\/consistem.com.br\/universidade\/?page_id=657"},"modified":"2025-07-30T16:09:45","modified_gmt":"2025-07-30T19:09:45","slug":"suporte","status":"publish","type":"page","link":"https:\/\/consistem.com.br\/universidade\/suporte\/","title":{"rendered":"Suporte"},"content":{"rendered":"\t\t<div data-elementor-type=\"wp-page\" data-elementor-id=\"657\" class=\"elementor elementor-657\" data-elementor-post-type=\"page\">\n\t\t\t\t<div class=\"elementor-element elementor-element-b7358a8 e-flex e-con-boxed e-con e-parent\" data-id=\"b7358a8\" data-element_type=\"container\" data-e-type=\"container\">\n\t\t\t\t\t<div class=\"e-con-inner\">\n\t\t\t\t<div class=\"elementor-element elementor-element-e8203eb elementor-widget-mobile__width-initial elementor-widget__width-initial elementor-widget elementor-widget-heading\" data-id=\"e8203eb\" data-element_type=\"widget\" data-e-type=\"widget\" data-widget_type=\"heading.default\">\n\t\t\t\t<div class=\"elementor-widget-container\">\n\t\t\t\t\t<h3 class=\"elementor-heading-title elementor-size-default\"><b>Fale conosco!<\/b><\/h3>\t\t\t\t<\/div>\n\t\t\t\t<\/div>\n\t\t\t\t<div class=\"elementor-element elementor-element-1287fc9 elementor-widget elementor-widget-text-editor\" data-id=\"1287fc9\" data-element_type=\"widget\" data-e-type=\"widget\" data-widget_type=\"text-editor.default\">\n\t\t\t\t<div class=\"elementor-widget-container\">\n\t\t\t\t\t\t\t\t\t<p>Tire d\u00favidas, pe\u00e7a suporte ou envie sua mensagem pelo formul\u00e1rio.<\/p>\t\t\t\t\t\t\t\t<\/div>\n\t\t\t\t<\/div>\n\t\t\t\t<div class=\"elementor-element elementor-element-f4c37a1 elementor-widget__width-initial elementor-widget elementor-widget-html\" data-id=\"f4c37a1\" data-element_type=\"widget\" data-e-type=\"widget\" data-widget_type=\"html.default\">\n\t\t\t\t<div class=\"elementor-widget-container\">\n\t\t\t\t\t<iframe width=\"100%\" height=\"800px\" src=\"https:\/\/movidesk.consistem.com.br\/form\/3002\/\"><\/iframe>\t\t\t\t<\/div>\n\t\t\t\t<\/div>\n\t\t\t\t<div class=\"elementor-element elementor-element-a0c0de8 elementor-widget elementor-widget-text-editor\" data-id=\"a0c0de8\" data-element_type=\"widget\" data-e-type=\"widget\" data-widget_type=\"text-editor.default\">\n\t\t\t\t<div class=\"elementor-widget-container\">\n\t\t\t\t\t\t\t\t\t<p>Ao enviar seus dados neste formul\u00e1rio, voc\u00ea concorda com os termos da nossa\u00a0<a href=\"https:\/\/cliente.consistem.com.br\/privacidade\" target=\"_blank\" rel=\"noopener\">Pol\u00edtica de Privacidade<\/a>.<\/p>\t\t\t\t\t\t\t\t<\/div>\n\t\t\t\t<\/div>\n\t\t\t\t\t<\/div>\n\t\t\t\t<\/div>\n\t\t\t\t<\/div>\n\t\t","protected":false},"excerpt":{"rendered":"<p>Fale conosco! Tire d\u00favidas, pe\u00e7a suporte ou envie sua mensagem pelo formul\u00e1rio. Ao enviar seus dados neste formul\u00e1rio, voc\u00ea concorda com os termos da nossa\u00a0Pol\u00edtica de Privacidade.<\/p>\n","protected":false},"author":6,"featured_media":0,"parent":0,"menu_order":0,"comment_status":"closed","ping_status":"closed","template":"","meta":{"_acf_changed":false,"inline_featured_image":false,"footnotes":""},"class_list":["post-657","page","type-page","status-publish","hentry"],"acf":[],"yoast_head":"<!-- This site is optimized with the Yoast SEO plugin v27.1.1 - https:\/\/yoast.com\/product\/yoast-seo-wordpress\/ -->\n<title>Suporte - Universidade Consistem<\/title>\n<meta name=\"robots\" content=\"index, follow, max-snippet:-1, max-image-preview:large, max-video-preview:-1\" \/>\n<link rel=\"canonical\" href=\"https:\/\/consistem.com.br\/universidade\/suporte\/\" \/>\n<meta property=\"og:locale\" content=\"pt_BR\" \/>\n<meta property=\"og:type\" content=\"article\" \/>\n<meta property=\"og:title\" content=\"Suporte - Universidade Consistem\" \/>\n<meta property=\"og:description\" content=\"Fale conosco! Tire d\u00favidas, pe\u00e7a suporte ou envie sua mensagem pelo formul\u00e1rio. Ao enviar seus dados neste formul\u00e1rio, voc\u00ea concorda com os termos da nossa\u00a0Pol\u00edtica de Privacidade.\" \/>\n<meta property=\"og:url\" content=\"https:\/\/consistem.com.br\/universidade\/suporte\/\" \/>\n<meta property=\"og:site_name\" content=\"Universidade Consistem\" \/>\n<meta property=\"article:modified_time\" content=\"2025-07-30T19:09:45+00:00\" \/>\n<meta name=\"twitter:card\" content=\"summary_large_image\" \/>\n<meta name=\"twitter:label1\" content=\"Est. tempo de leitura\" \/>\n\t<meta name=\"twitter:data1\" content=\"1 minuto\" \/>\n<script type=\"application\/ld+json\" class=\"yoast-schema-graph\">{\"@context\":\"https:\/\/schema.org\",\"@graph\":[{\"@type\":\"WebPage\",\"@id\":\"https:\/\/consistem.com.br\/universidade\/suporte\/\",\"url\":\"https:\/\/consistem.com.br\/universidade\/suporte\/\",\"name\":\"Suporte - Universidade Consistem\",\"isPartOf\":{\"@id\":\"https:\/\/consistem.com.br\/universidade\/#website\"},\"datePublished\":\"2025-07-30T18:17:00+00:00\",\"dateModified\":\"2025-07-30T19:09:45+00:00\",\"breadcrumb\":{\"@id\":\"https:\/\/consistem.com.br\/universidade\/suporte\/#breadcrumb\"},\"inLanguage\":\"pt-BR\",\"potentialAction\":[{\"@type\":\"ReadAction\",\"target\":[\"https:\/\/consistem.com.br\/universidade\/suporte\/\"]}]},{\"@type\":\"BreadcrumbList\",\"@id\":\"https:\/\/consistem.com.br\/universidade\/suporte\/#breadcrumb\",\"itemListElement\":[{\"@type\":\"ListItem\",\"position\":1,\"name\":\"In\u00edcio\",\"item\":\"https:\/\/consistem.com.br\/universidade\/\"},{\"@type\":\"ListItem\",\"position\":2,\"name\":\"Suporte\"}]},{\"@type\":\"WebSite\",\"@id\":\"https:\/\/consistem.com.br\/universidade\/#website\",\"url\":\"https:\/\/consistem.com.br\/universidade\/\",\"name\":\"Universidade Consistem\",\"description\":\"\",\"potentialAction\":[{\"@type\":\"SearchAction\",\"target\":{\"@type\":\"EntryPoint\",\"urlTemplate\":\"https:\/\/consistem.com.br\/universidade\/?s={search_term_string}\"},\"query-input\":{\"@type\":\"PropertyValueSpecification\",\"valueRequired\":true,\"valueName\":\"search_term_string\"}}],\"inLanguage\":\"pt-BR\"}]}<\/script>\n<!-- \/ Yoast SEO plugin. -->","yoast_head_json":{"title":"Suporte - Universidade Consistem","robots":{"index":"index","follow":"follow","max-snippet":"max-snippet:-1","max-image-preview":"max-image-preview:large","max-video-preview":"max-video-preview:-1"},"canonical":"https:\/\/consistem.com.br\/universidade\/suporte\/","og_locale":"pt_BR","og_type":"article","og_title":"Suporte - Universidade Consistem","og_description":"Fale conosco! Tire d\u00favidas, pe\u00e7a suporte ou envie sua mensagem pelo formul\u00e1rio. Ao enviar seus dados neste formul\u00e1rio, voc\u00ea concorda com os termos da nossa\u00a0Pol\u00edtica de Privacidade.","og_url":"https:\/\/consistem.com.br\/universidade\/suporte\/","og_site_name":"Universidade Consistem","article_modified_time":"2025-07-30T19:09:45+00:00","twitter_card":"summary_large_image","twitter_misc":{"Est. tempo de leitura":"1 minuto"},"schema":{"@context":"https:\/\/schema.org","@graph":[{"@type":"WebPage","@id":"https:\/\/consistem.com.br\/universidade\/suporte\/","url":"https:\/\/consistem.com.br\/universidade\/suporte\/","name":"Suporte - Universidade Consistem","isPartOf":{"@id":"https:\/\/consistem.com.br\/universidade\/#website"},"datePublished":"2025-07-30T18:17:00+00:00","dateModified":"2025-07-30T19:09:45+00:00","breadcrumb":{"@id":"https:\/\/consistem.com.br\/universidade\/suporte\/#breadcrumb"},"inLanguage":"pt-BR","potentialAction":[{"@type":"ReadAction","target":["https:\/\/consistem.com.br\/universidade\/suporte\/"]}]},{"@type":"BreadcrumbList","@id":"https:\/\/consistem.com.br\/universidade\/suporte\/#breadcrumb","itemListElement":[{"@type":"ListItem","position":1,"name":"In\u00edcio","item":"https:\/\/consistem.com.br\/universidade\/"},{"@type":"ListItem","position":2,"name":"Suporte"}]},{"@type":"WebSite","@id":"https:\/\/consistem.com.br\/universidade\/#website","url":"https:\/\/consistem.com.br\/universidade\/","name":"Universidade Consistem","description":"","potentialAction":[{"@type":"SearchAction","target":{"@type":"EntryPoint","urlTemplate":"https:\/\/consistem.com.br\/universidade\/?s={search_term_string}"},"query-input":{"@type":"PropertyValueSpecification","valueRequired":true,"valueName":"search_term_string"}}],"inLanguage":"pt-BR"}]}},"_links":{"self":[{"href":"https:\/\/consistem.com.br\/universidade\/wp-json\/wp\/v2\/pages\/657","targetHints":{"allow":["GET"]}}],"collection":[{"href":"https:\/\/consistem.com.br\/universidade\/wp-json\/wp\/v2\/pages"}],"about":[{"href":"https:\/\/consistem.com.br\/universidade\/wp-json\/wp\/v2\/types\/page"}],"author":[{"embeddable":true,"href":"https:\/\/consistem.com.br\/universidade\/wp-json\/wp\/v2\/users\/6"}],"replies":[{"embeddable":true,"href":"https:\/\/consistem.com.br\/universidade\/wp-json\/wp\/v2\/comments?post=657"}],"version-history":[{"count":7,"href":"https:\/\/consistem.com.br\/universidade\/wp-json\/wp\/v2\/pages\/657\/revisions"}],"predecessor-version":[{"id":693,"href":"https:\/\/consistem.com.br\/universidade\/wp-json\/wp\/v2\/pages\/657\/revisions\/693"}],"wp:attachment":[{"href":"https:\/\/consistem.com.br\/universidade\/wp-json\/wp\/v2\/media?parent=657"}],"curies":[{"name":"wp","href":"https:\/\/api.w.org\/{rel}","templated":true}]}}